{"id":40,"date":"2022-06-20T10:40:52","date_gmt":"2022-06-20T10:40:52","guid":{"rendered":"http:\/\/neu.gewerbekreis-rheindahlen.de\/?page_id=40"},"modified":"2022-08-15T06:37:26","modified_gmt":"2022-08-15T06:37:26","slug":"home","status":"publish","type":"page","link":"http:\/\/www.gewerbekreis-rheindahlen.de\/","title":{"rendered":"Home"},"content":{"rendered":"<div id=\"metaslider-id-117\" style=\"width: 100%;\" class=\"ml-slider-3-27-6 metaslider metaslider-flex metaslider-117 ml-slider\">\n    <div id=\"metaslider_container_117\">\n        <div id=\"metaslider_117\">\n            <ul aria-live=\"polite\" class=\"slides\">\n                <li style=\"display: block; width: 100%;\" class=\"slide-303 ms-image\"><img loading=\"lazy\" decoding=\"async\" src=\"http:\/\/www.gewerbekreis-rheindahlen.de\/wp-content\/uploads\/2.jpg\" height=\"300\" width=\"1170\" alt=\"\" class=\"slider-117 slide-303\" title=\"2\" \/><\/li>\n                <li style=\"display: none; width: 100%;\" class=\"slide-304 ms-image\"><img loading=\"lazy\" decoding=\"async\" src=\"http:\/\/www.gewerbekreis-rheindahlen.de\/wp-content\/uploads\/1.jpg\" height=\"300\" width=\"1170\" alt=\"\" class=\"slider-117 slide-304\" title=\"1\" \/><\/li>\n                <li style=\"display: none; width: 100%;\" class=\"slide-305 ms-image\"><img loading=\"lazy\" decoding=\"async\" src=\"http:\/\/www.gewerbekreis-rheindahlen.de\/wp-content\/uploads\/3.jpg\" height=\"300\" width=\"1170\" alt=\"\" class=\"slider-117 slide-305\" title=\"3\" \/><\/li>\n            <\/ul>\n        <\/div>\n        \n    <\/div>\n<\/div>\n\n\n\n<h2 class=\"wp-block-heading\">Unsere Gemeinschaft &#8211; Unsere St\u00e4rke<\/h2>\n\n\n\n<p>Herzlich Willkommen beim Gewerbekreis Rheindahlen!<br>Wir freuen uns, Sie auf unserer Website begr\u00fc\u00dfen zu d\u00fcrfen.<\/p>\n\n\n\n<p>Der Gewerbekreis als Unternehmer-Netzwerk hat sich zum Ziel gesetzt, in und mit einer starken Gemeinschaft die Attraktivit\u00e4t und Anziehungskraft des Ortsteils Rheindahlen sowie seiner Umgebung zu erhalten, mitzugestalten und zu verbessern.<\/p>\n\n\n\n<p>Durch verschiedene Aktivit\u00e4ten tragen wir dazu bei, den Bekanntheitsgrad eines jeden Mitgliedsunternehmens zu erh\u00f6hen.<br>Es werden ein j\u00e4hrliches gro\u00dfes Netzwerktreffen sowie regelm\u00e4\u00dfige kleinere Treffen veranstaltet, bei denen sich die Mitglieder untereinander n\u00e4her und besser kennenlernen und gemeinsame Aktivit\u00e4ten planen k\u00f6nnen.<\/p>\n\n\n\n<p>Wir unterst\u00fctzen verschiedene Rheindahlener Feste,&nbsp;sorgen in der Adventszeit f\u00fcr die festliche Beleuchtung unseres Ortsteils und veranstalten weitere kleine Events.<\/p>\n\n\n\n<p>\u00dcber jedes neue Mitglied, das unsere Gemeinschaft weiter st\u00e4rken und sich mit Rat und Tat einbringen m\u00f6chte, freuen wir uns sehr!<\/p>\n\n\n\n<p><strong>Der Vorstand&nbsp;<\/strong><\/p>\n\n\n","protected":false},"excerpt":{"rendered":"<p>Unsere Gemeinschaft &#8211; Unsere St\u00e4rke Herzlich Willkommen beim Gewerbekreis Rheindahlen!Wir freuen uns, Sie auf unserer Website begr\u00fc\u00dfen zu d\u00fcrfen. Der Gewerbekreis als Unternehmer-Netzwerk hat sich zum Ziel gesetzt, in und mit einer starken Gemeinschaft die Attraktivit\u00e4t und Anziehungskraft des Ortsteils Rheindahlen sowie seiner Umgebung zu erhalten, mitzugestalten und zu verbessern. Durch verschiedene Aktivit\u00e4ten tragen wir dazu bei, den Bekanntheitsgrad eines jeden Mitgliedsunternehmens zu erh\u00f6hen.Es werden ein j\u00e4hrliches gro\u00dfes Netzwerktreffen sowie regelm\u00e4\u00dfige kleinere Treffen veranstaltet, bei denen sich die Mitglieder untereinander n\u00e4her und besser kennenlernen und gemeinsame Aktivit\u00e4ten planen k\u00f6nnen. Wir unterst\u00fctzen verschiedene Rheindahlener Feste,&nbsp;sorgen in der Adventszeit f\u00fcr die festliche\u2026<\/p>\n","protected":false},"author":1,"featured_media":0,"parent":0,"menu_order":0,"comment_status":"closed","ping_status":"closed","template":"","meta":{"footnotes":""},"class_list":["post-40","page","type-page","status-publish","hentry"],"blocksy_meta":{"styles_descriptor":{"styles":{"desktop":"","tablet":"","mobile":""},"google_fonts":[],"version":5}},"_links":{"self":[{"href":"http:\/\/www.gewerbekreis-rheindahlen.de\/index.php?rest_route=\/wp\/v2\/pages\/40","targetHints":{"allow":["GET"]}}],"collection":[{"href":"http:\/\/www.gewerbekreis-rheindahlen.de\/index.php?rest_route=\/wp\/v2\/pages"}],"about":[{"href":"http:\/\/www.gewerbekreis-rheindahlen.de\/index.php?rest_route=\/wp\/v2\/types\/page"}],"author":[{"embeddable":true,"href":"http:\/\/www.gewerbekreis-rheindahlen.de\/index.php?rest_route=\/wp\/v2\/users\/1"}],"replies":[{"embeddable":true,"href":"http:\/\/www.gewerbekreis-rheindahlen.de\/index.php?rest_route=%2Fwp%2Fv2%2Fcomments&post=40"}],"version-history":[{"count":15,"href":"http:\/\/www.gewerbekreis-rheindahlen.de\/index.php?rest_route=\/wp\/v2\/pages\/40\/revisions"}],"predecessor-version":[{"id":315,"href":"http:\/\/www.gewerbekreis-rheindahlen.de\/index.php?rest_route=\/wp\/v2\/pages\/40\/revisions\/315"}],"wp:attachment":[{"href":"http:\/\/www.gewerbekreis-rheindahlen.de\/index.php?rest_route=%2Fwp%2Fv2%2Fmedia&parent=40"}],"curies":[{"name":"wp","href":"https:\/\/api.w.org\/{rel}","templated":true}]}}