{"id":151,"date":"2022-06-20T13:56:57","date_gmt":"2022-06-20T13:56:57","guid":{"rendered":"http:\/\/neu.gewerbekreis-rheindahlen.de\/?page_id=151"},"modified":"2022-10-28T12:11:03","modified_gmt":"2022-10-28T10:11:03","slug":"impressum","status":"publish","type":"page","link":"https:\/\/www.gewerbekreis-rheindahlen.de\/?page_id=151","title":{"rendered":"Impressum"},"content":{"rendered":"\n<h2 class=\"wp-block-heading\">Impressum<\/h2>\n\n\n\n<p><strong>Gewerbekreis Rheindahlen e.V.<br><\/strong>c\/o Fliesen Willems GmbH<\/p>\n\n\n\n<p>Stadtwaldstra\u00dfe 38, 41179 M\u00f6nchengladbach<br><br><strong>Vertreten durch den Vorstand<\/strong><\/p>\n\n\n\n<p><strong>Roland Willems<\/strong> (1. Vorsitzender)<br><strong>Ute von Eichborn<\/strong> (Schriftf\u00fchrerin)<br><\/p>\n\n\n\n<p><strong>Kontakt:<br><\/strong><br>Telefon: 02161 3080066<br><\/p>\n\n\n\n<p><strong>Eintragung im Vereinsregister<br><\/strong><br>Registergericht: M\u00f6nchengladbach<br>Registernummer: 3040\/2014K<br><br><strong>Bilder:&nbsp;<\/strong>Manfred Drehsen<br><br>Quelle:&nbsp;<a href=\"https:\/\/web.archive.org\/web\/20210124214655\/http:\/\/www.e-recht24.de\/\" target=\"_blank\" rel=\"noreferrer noopener\">www.e-recht24.de<\/a><\/p>\n","protected":false},"excerpt":{"rendered":"<p>Impressum Gewerbekreis Rheindahlen e.V.c\/o Fliesen Willems GmbH Stadtwaldstra\u00dfe 38, 41179 M\u00f6nchengladbach Vertreten durch den Vorstand Roland Willems (1. Vorsitzender)Ute von Eichborn (Schriftf\u00fchrerin) Kontakt:Telefon: 02161 3080066 Eintragung im VereinsregisterRegistergericht: M\u00f6nchengladbachRegisternummer: 3040\/2014K Bilder:&nbsp;Manfred Drehsen Quelle:&nbsp;www.e-recht24.de<\/p>\n","protected":false},"author":1,"featured_media":0,"parent":0,"menu_order":0,"comment_status":"closed","ping_status":"closed","template":"","meta":{"footnotes":""},"class_list":["post-151","page","type-page","status-publish","hentry"],"blocksy_meta":{"styles_descriptor":{"styles":{"desktop":"","tablet":"","mobile":""},"google_fonts":[],"version":5}},"_links":{"self":[{"href":"https:\/\/www.gewerbekreis-rheindahlen.de\/index.php?rest_route=\/wp\/v2\/pages\/151","targetHints":{"allow":["GET"]}}],"collection":[{"href":"https:\/\/www.gewerbekreis-rheindahlen.de\/index.php?rest_route=\/wp\/v2\/pages"}],"about":[{"href":"https:\/\/www.gewerbekreis-rheindahlen.de\/index.php?rest_route=\/wp\/v2\/types\/page"}],"author":[{"embeddable":true,"href":"https:\/\/www.gewerbekreis-rheindahlen.de\/index.php?rest_route=\/wp\/v2\/users\/1"}],"replies":[{"embeddable":true,"href":"https:\/\/www.gewerbekreis-rheindahlen.de\/index.php?rest_route=%2Fwp%2Fv2%2Fcomments&post=151"}],"version-history":[{"count":4,"href":"https:\/\/www.gewerbekreis-rheindahlen.de\/index.php?rest_route=\/wp\/v2\/pages\/151\/revisions"}],"predecessor-version":[{"id":344,"href":"https:\/\/www.gewerbekreis-rheindahlen.de\/index.php?rest_route=\/wp\/v2\/pages\/151\/revisions\/344"}],"wp:attachment":[{"href":"https:\/\/www.gewerbekreis-rheindahlen.de\/index.php?rest_route=%2Fwp%2Fv2%2Fmedia&parent=151"}],"curies":[{"name":"wp","href":"https:\/\/api.w.org\/{rel}","templated":true}]}}